{"id":99,"date":"2017-12-01T12:40:22","date_gmt":"2017-12-01T12:40:22","guid":{"rendered":"http:\/\/medizin-kosmetik-worms.de\/?page_id=99"},"modified":"2025-08-11T16:32:02","modified_gmt":"2025-08-11T14:32:02","slug":"aaaa","status":"publish","type":"page","link":"https:\/\/medizin-kosmetik-worms.de\/?page_id=99","title":{"rendered":"Medizin"},"content":{"rendered":"<h5><a href=\"https:\/\/medizin-kosmetik-worms.de\/?page_id=371\" rel=\"noopener\">Ganzheitsmedizinisches Konzept<\/a><\/h5>\n<h5><a href=\"https:\/\/medizin-kosmetik-worms.de\/?page_id=373\" rel=\"noopener\">Erstbesuch<\/a><\/h5>\n<h5><a href=\"https:\/\/medizin-kosmetik-worms.de\/?page_id=375\" rel=\"noopener\">Labordiagnostik<\/a><\/h5>\n<h5><a href=\"https:\/\/medizin-kosmetik-worms.de\/?page_id=377\" rel=\"noopener\">Elektro-Neural-Diagnostik<\/a><\/h5>\n<h5><a href=\"https:\/\/medizin-kosmetik-worms.de\/?page_id=379\" rel=\"noopener\">Bioresonanz (Biokat)<\/a><\/h5>\n<h5><a href=\"https:\/\/medizin-kosmetik-worms.de\/?page_id=381\" rel=\"noopener\">Mesotherapie<\/a><\/h5>\n<h5><a href=\"https:\/\/medizin-kosmetik-worms.de\/?page_id=968\" rel=\"noopener\">Carboxyschmerztherapie<\/a><\/h5>\n<h5><a href=\"https:\/\/medizin-kosmetik-worms.de\/?page_id=383\" rel=\"noopener\">Schmerzbehandlung nach Liebscher und Bracht<\/a><\/h5>\n<h5><a href=\"https:\/\/medizin-kosmetik-worms.de\/?page_id=385\" rel=\"noopener\">Osteopathie<\/a><\/h5>\n<h5><a href=\"https:\/\/medizin-kosmetik-worms.de\/?page_id=387\" rel=\"noopener\">Injektions- und Infusionstherapie<\/a><\/h5>\n<h5><a href=\"https:\/\/medizin-kosmetik-worms.de\/?page_id=389\" rel=\"noopener\">Komplement\u00e4rmedizinische Behandlung bei Chemo- und Strahlentherapie<\/a><\/h5>\n<h5><a href=\"https:\/\/medizin-kosmetik-worms.de\/?page_id=391\" rel=\"noopener\">Hom\u00f6opathie<\/a><\/h5>\n<h5><a href=\"https:\/\/medizin-kosmetik-worms.de\/?page_id=669\" rel=\"noopener\">Ern\u00e4hrungsberatung<\/a><\/h5>\n<h5><a href=\"https:\/\/medizin-kosmetik-worms.de\/?page_id=393\" rel=\"noopener\">Orthomolekulartherapie<\/a><\/h5>\n<h5><a href=\"https:\/\/medizin-kosmetik-worms.de\/?page_id=395\" rel=\"noopener\">Dorntherapie<\/a><\/h5>\n<h5><a href=\"https:\/\/medizin-kosmetik-worms.de\/?page_id=398\" rel=\"noopener\">Schr\u00f6pfen<\/a><\/h5>\n<h5><a href=\"https:\/\/medizin-kosmetik-worms.de\/?page_id=402\" rel=\"noopener\">Kinesiologie<\/a><\/h5>\n<h5><\/h5>\n<p><img loading=\"lazy\" decoding=\"async\" class=\"alignnone size-medium wp-image-581\" src=\"https:\/\/medizin-kosmetik-worms.de\/wp-content\/uploads\/2017\/12\/DSC00044-200x300.jpg\" alt=\"\" width=\"200\" height=\"300\" srcset=\"https:\/\/medizin-kosmetik-worms.de\/wp-content\/uploads\/2017\/12\/DSC00044-200x300.jpg 200w, https:\/\/medizin-kosmetik-worms.de\/wp-content\/uploads\/2017\/12\/DSC00044-768x1150.jpg 768w, https:\/\/medizin-kosmetik-worms.de\/wp-content\/uploads\/2017\/12\/DSC00044-684x1024.jpg 684w\" sizes=\"auto, (max-width: 200px) 100vw, 200px\" \/><\/p>\n","protected":false},"excerpt":{"rendered":"<p>Ganzheitsmedizinisches Konzept Erstbesuch Labordiagnostik Elektro-Neural-Diagnostik Bioresonanz (Biokat) Mesotherapie Carboxyschmerztherapie Schmerzbehandlung nach Liebscher und Bracht Osteopathie Injektions- und Infusionstherapie Komplement\u00e4rmedizinische Behandlung bei Chemo- und Strahlentherapie Hom\u00f6opathie Ern\u00e4hrungsberatung Orthomolekulartherapie Dorntherapie Schr\u00f6pfen Kinesiologie<\/p>\n","protected":false},"author":1,"featured_media":580,"parent":89,"menu_order":0,"comment_status":"closed","ping_status":"closed","template":"","meta":{"footnotes":""},"class_list":["post-99","page","type-page","status-publish","has-post-thumbnail","hentry"],"_links":{"self":[{"href":"https:\/\/medizin-kosmetik-worms.de\/index.php?rest_route=\/wp\/v2\/pages\/99","targetHints":{"allow":["GET"]}}],"collection":[{"href":"https:\/\/medizin-kosmetik-worms.de\/index.php?rest_route=\/wp\/v2\/pages"}],"about":[{"href":"https:\/\/medizin-kosmetik-worms.de\/index.php?rest_route=\/wp\/v2\/types\/page"}],"author":[{"embeddable":true,"href":"https:\/\/medizin-kosmetik-worms.de\/index.php?rest_route=\/wp\/v2\/users\/1"}],"replies":[{"embeddable":true,"href":"https:\/\/medizin-kosmetik-worms.de\/index.php?rest_route=%2Fwp%2Fv2%2Fcomments&post=99"}],"version-history":[{"count":17,"href":"https:\/\/medizin-kosmetik-worms.de\/index.php?rest_route=\/wp\/v2\/pages\/99\/revisions"}],"predecessor-version":[{"id":1293,"href":"https:\/\/medizin-kosmetik-worms.de\/index.php?rest_route=\/wp\/v2\/pages\/99\/revisions\/1293"}],"up":[{"embeddable":true,"href":"https:\/\/medizin-kosmetik-worms.de\/index.php?rest_route=\/wp\/v2\/pages\/89"}],"wp:featuredmedia":[{"embeddable":true,"href":"https:\/\/medizin-kosmetik-worms.de\/index.php?rest_route=\/wp\/v2\/media\/580"}],"wp:attachment":[{"href":"https:\/\/medizin-kosmetik-worms.de\/index.php?rest_route=%2Fwp%2Fv2%2Fmedia&parent=99"}],"curies":[{"name":"wp","href":"https:\/\/api.w.org\/{rel}","templated":true}]}}