{"id":771,"date":"2018-09-15T14:16:09","date_gmt":"2018-09-15T14:16:09","guid":{"rendered":"http:\/\/medizin-kosmetik-worms.de\/?page_id=771"},"modified":"2018-09-16T11:20:56","modified_gmt":"2018-09-16T11:20:56","slug":"hautanalyse","status":"publish","type":"page","link":"https:\/\/medizin-kosmetik-worms.de\/?page_id=771","title":{"rendered":"Hautanalyse"},"content":{"rendered":"<p>Grundlage f\u00fcr jede Beratung ist in unserer Praxis die Hautanalyse.<\/p>\n<p>Zus\u00e4tzlich zur traditionellen Hautanalyse, bei der wir visuell den Hautzustand beurteilen und die Hautdichte und Verhornungen durch Tastbefund ermitteln, kommen dermatologische Messmethoden zur Anwendung.<\/p>\n<h2>Multi Skin Test Center<span style=\"font-size: medium;\"><span style=\"color: #001000;\">\u00ae <\/span><\/span>MC 1000<\/h2>\n<p>Mit speziellen Sonden wird Ihr Hautzustand gemessen und\u00a0 prozentual ausgewertet. Dabei sind Einzelmessungen f\u00fcr Feuchtigkeit, Fett, Pigmentation, Elastizit\u00e4t, Barrierefunktion und Temperatur m\u00f6glich.<\/p>\n<p>Die Visioscope\u00ae Hautkamera zeigt uns Ausschnitte Ihrer Haut im Gro\u00dfformat sowohl zur Beurteilung, als auch zur Dokumentation von Behandlungserfolgen.<\/p>\n<p><img loading=\"lazy\" decoding=\"async\" class=\"alignnone size-medium wp-image-779\" src=\"https:\/\/medizin-kosmetik-worms.de\/wp-content\/uploads\/2018\/09\/mc1000-300x164.jpg\" alt=\"\" width=\"300\" height=\"164\" srcset=\"https:\/\/medizin-kosmetik-worms.de\/wp-content\/uploads\/2018\/09\/mc1000-300x164.jpg 300w, https:\/\/medizin-kosmetik-worms.de\/wp-content\/uploads\/2018\/09\/mc1000-768x420.jpg 768w, https:\/\/medizin-kosmetik-worms.de\/wp-content\/uploads\/2018\/09\/mc1000-1024x559.jpg 1024w\" sizes=\"auto, (max-width: 300px) 100vw, 300px\" \/><\/p>\n<h2>VisioFace\u00ae 1000 D<\/h2>\n<p>Ganzgesichtsfotografie ist die Methode f\u00fcr eine umfangreiche und \u00f6kologische Analyse des Gesichts. Durch die homogene Beleuchtung mit 210 wei\u00dfen Dioden werden qualitativ hochwertige, hochaufl\u00f6sende Bilder hergestellt. Diese lassen eine 3D-Berechnung und eine Erstellung UV-\u00e4hnlicher Bilder zu, womit Poren, Pigmente, F\u00e4ltchen und Farbinterschiede optimal zu analysieren sind.<\/p>\n<p><img loading=\"lazy\" decoding=\"async\" class=\"alignnone size-medium wp-image-782\" src=\"https:\/\/medizin-kosmetik-worms.de\/wp-content\/uploads\/2018\/09\/Visioface4-300x200.jpg\" alt=\"\" width=\"300\" height=\"200\" srcset=\"https:\/\/medizin-kosmetik-worms.de\/wp-content\/uploads\/2018\/09\/Visioface4-300x200.jpg 300w, https:\/\/medizin-kosmetik-worms.de\/wp-content\/uploads\/2018\/09\/Visioface4-768x511.jpg 768w, https:\/\/medizin-kosmetik-worms.de\/wp-content\/uploads\/2018\/09\/Visioface4-1024x681.jpg 1024w\" sizes=\"auto, (max-width: 300px) 100vw, 300px\" \/><\/p>\n<p>&nbsp;<\/p>\n<p>&nbsp;<\/p>\n","protected":false},"excerpt":{"rendered":"<p>Grundlage f\u00fcr jede Beratung ist in unserer Praxis die Hautanalyse. Zus\u00e4tzlich zur traditionellen Hautanalyse, bei der wir visuell den Hautzustand beurteilen und die Hautdichte und Verhornungen durch Tastbefund ermitteln, kommen dermatologische Messmethoden zur Anwendung. Multi Skin Test Center\u00ae MC 1000 Mit speziellen Sonden wird Ihr Hautzustand gemessen und\u00a0 prozentual ausgewertet. Dabei sind Einzelmessungen f\u00fcr Feuchtigkeit, &hellip; <\/p>\n<p class=\"link-more\"><a href=\"https:\/\/medizin-kosmetik-worms.de\/?page_id=771\" class=\"more-link\"><span class=\"screen-reader-text\">\u201eHautanalyse\u201c<\/span> weiterlesen<\/a><\/p>\n","protected":false},"author":1,"featured_media":0,"parent":89,"menu_order":0,"comment_status":"closed","ping_status":"closed","template":"","meta":{"footnotes":""},"class_list":["post-771","page","type-page","status-publish","hentry"],"_links":{"self":[{"href":"https:\/\/medizin-kosmetik-worms.de\/index.php?rest_route=\/wp\/v2\/pages\/771","targetHints":{"allow":["GET"]}}],"collection":[{"href":"https:\/\/medizin-kosmetik-worms.de\/index.php?rest_route=\/wp\/v2\/pages"}],"about":[{"href":"https:\/\/medizin-kosmetik-worms.de\/index.php?rest_route=\/wp\/v2\/types\/page"}],"author":[{"embeddable":true,"href":"https:\/\/medizin-kosmetik-worms.de\/index.php?rest_route=\/wp\/v2\/users\/1"}],"replies":[{"embeddable":true,"href":"https:\/\/medizin-kosmetik-worms.de\/index.php?rest_route=%2Fwp%2Fv2%2Fcomments&post=771"}],"version-history":[{"count":11,"href":"https:\/\/medizin-kosmetik-worms.de\/index.php?rest_route=\/wp\/v2\/pages\/771\/revisions"}],"predecessor-version":[{"id":794,"href":"https:\/\/medizin-kosmetik-worms.de\/index.php?rest_route=\/wp\/v2\/pages\/771\/revisions\/794"}],"up":[{"embeddable":true,"href":"https:\/\/medizin-kosmetik-worms.de\/index.php?rest_route=\/wp\/v2\/pages\/89"}],"wp:attachment":[{"href":"https:\/\/medizin-kosmetik-worms.de\/index.php?rest_route=%2Fwp%2Fv2%2Fmedia&parent=771"}],"curies":[{"name":"wp","href":"https:\/\/api.w.org\/{rel}","templated":true}]}}