{"id":669,"date":"2018-03-24T15:53:59","date_gmt":"2018-03-24T15:53:59","guid":{"rendered":"http:\/\/medizin-kosmetik-worms.de\/?page_id=669"},"modified":"2018-03-24T16:11:42","modified_gmt":"2018-03-24T16:11:42","slug":"ernaehrungsberatung","status":"publish","type":"page","link":"https:\/\/medizin-kosmetik-worms.de\/?page_id=669","title":{"rendered":"Ern\u00e4hrungsberatung"},"content":{"rendered":"<p>Mit Ern\u00e4hrungsberatung werden Informationen \u00fcber Ern\u00e4hrungsgewohnheiten, Stoffwechsel und Unvertr\u00e4glichkeiten vermittelt. Themen wie Essverhalten, Lebensf\u00fchrung, K\u00f6rperbewusstsein und Bewegung sind nicht wegzudenkende Bereiche unseres t\u00e4glichen Lebens. Wohlbefinden und Energie k\u00f6nnen durch bewusste Ern\u00e4hrung nach Plan positiv beeinflusst werden. Dabei spielt es keinerlei Rolle, ob das pers\u00f6nliche Ziel in einer Gewichtsreduktion, -zunahme oder Figurerhaltung liegt.<\/p>\n<p>Wir ermitteln Ihre individuelle Stoffwechselsituation mittels Blutanalysen. Auf dieser Grundlage erstellt <a href=\"http:\/\/www.esssense.de\" rel=\"noopener\" target=\"_blank\">EssSense<\/a> Ihr ganz pers\u00f6nliches Ern\u00e4hrungskonzept, bei dem wir Sie begleiten.<\/p>\n","protected":false},"excerpt":{"rendered":"<p>Mit Ern\u00e4hrungsberatung werden Informationen \u00fcber Ern\u00e4hrungsgewohnheiten, Stoffwechsel und Unvertr\u00e4glichkeiten vermittelt. Themen wie Essverhalten, Lebensf\u00fchrung, K\u00f6rperbewusstsein und Bewegung sind nicht wegzudenkende Bereiche unseres t\u00e4glichen Lebens. Wohlbefinden und Energie k\u00f6nnen durch bewusste Ern\u00e4hrung nach Plan positiv beeinflusst werden. Dabei spielt es keinerlei Rolle, ob das pers\u00f6nliche Ziel in einer Gewichtsreduktion, -zunahme oder Figurerhaltung liegt. Wir ermitteln Ihre &hellip; <\/p>\n<p class=\"link-more\"><a href=\"https:\/\/medizin-kosmetik-worms.de\/?page_id=669\" class=\"more-link\"><span class=\"screen-reader-text\">\u201eErn\u00e4hrungsberatung\u201c<\/span> weiterlesen<\/a><\/p>\n","protected":false},"author":1,"featured_media":0,"parent":99,"menu_order":0,"comment_status":"closed","ping_status":"closed","template":"","meta":{"footnotes":""},"class_list":["post-669","page","type-page","status-publish","hentry"],"_links":{"self":[{"href":"https:\/\/medizin-kosmetik-worms.de\/index.php?rest_route=\/wp\/v2\/pages\/669","targetHints":{"allow":["GET"]}}],"collection":[{"href":"https:\/\/medizin-kosmetik-worms.de\/index.php?rest_route=\/wp\/v2\/pages"}],"about":[{"href":"https:\/\/medizin-kosmetik-worms.de\/index.php?rest_route=\/wp\/v2\/types\/page"}],"author":[{"embeddable":true,"href":"https:\/\/medizin-kosmetik-worms.de\/index.php?rest_route=\/wp\/v2\/users\/1"}],"replies":[{"embeddable":true,"href":"https:\/\/medizin-kosmetik-worms.de\/index.php?rest_route=%2Fwp%2Fv2%2Fcomments&post=669"}],"version-history":[{"count":6,"href":"https:\/\/medizin-kosmetik-worms.de\/index.php?rest_route=\/wp\/v2\/pages\/669\/revisions"}],"predecessor-version":[{"id":677,"href":"https:\/\/medizin-kosmetik-worms.de\/index.php?rest_route=\/wp\/v2\/pages\/669\/revisions\/677"}],"up":[{"embeddable":true,"href":"https:\/\/medizin-kosmetik-worms.de\/index.php?rest_route=\/wp\/v2\/pages\/99"}],"wp:attachment":[{"href":"https:\/\/medizin-kosmetik-worms.de\/index.php?rest_route=%2Fwp%2Fv2%2Fmedia&parent=669"}],"curies":[{"name":"wp","href":"https:\/\/api.w.org\/{rel}","templated":true}]}}