{"id":41,"date":"2017-11-30T14:27:17","date_gmt":"2017-11-30T14:27:17","guid":{"rendered":"http:\/\/medizin-kosmetik-worms.de\/?page_id=41"},"modified":"2020-04-15T14:14:16","modified_gmt":"2020-04-15T14:14:16","slug":"datenschutz","status":"publish","type":"page","link":"https:\/\/medizin-kosmetik-worms.de\/?page_id=41","title":{"rendered":"Datenschutz"},"content":{"rendered":"<p>Die Erhebung, Verarbeitung und Nutzung personenbezogener Daten beim Besuch von Webseiten l\u00e4sst sich aus technischen Gr\u00fcnden teilweise nicht vermeiden. Deren Sicherheit entsprechend dem nationalen Datenschutzrecht und der europ\u00e4ischen Datenschutz-Grundverordnung (EU-DSGVO) liegt dem Webseitenbetreiber am Herzen.<\/p>\n<p>Allein der Besuch dieser Webseite erfordert nicht die Eingabe von Daten. Gespeichert werden lediglich anonymisierte Zugriffsdaten ohne Personenbezug wie Internetserviceprovider, Ausgangswebseiten oder angeforderte Dateien, wobei auch Cookies eingesetzt werden, die allerdings ebenfalls die Daten ausschlie\u00dflich in anonymer oder pseudonymer Form erheben und speichern und keinen R\u00fcckschluss auf Personen erlauben.<\/p>\n<p>Bei jedem Aufruf dieser Webseite erfasst das System des Webseitenbetreibers automatisiert Daten und Informationen vom Computersystem des aufrufenden Rechners. Folgende Daten des Webseitenbesuchers k\u00f6nnen hierbei erhoben werden: Informationen \u00fcber den Browsertyp und die verwendete Version, das Betriebssystem des genutzten Rechners, den Internet-Service-Provider und die IP-Adresse sowie Datum und Uhrzeit des Zugriffs, dar\u00fcber hinaus \u00fcber diejenigen Webseiten, von denen aus das System des Webseitenbesuchers auf die aktuell besuchte Webseite gelangt und diejenigen Webseiten, die vom Webseitenbesucher \u00fcber auf der aktuell besuchten Webseite angebotene Links aufgerufen werden<\/p>\n<p>Um eine Auslieferung der Website an den Rechner des Webseitenbesuchers \u00fcberhaupt zu erm\u00f6glichen, ist eine vor\u00fcbergehende Speicherung der IP-Adresse in Logfiles (Protokolldateien) f\u00fcr die Dauer des Webseitenbesuchs notwendig. \u00dcber die IP-Adresse hinausgehende sonstige Daten, die eine Zuordnung zu einem Webseitenbesucher erm\u00f6glichen k\u00f6nnten, werden beispielsweise dann erhoben, wenn Links auf Webseiten, die vom Webseitenbesucher zum Wechsel zwischen verschiedenen Webseiten genutzt werden, personenbezogene Daten enthalten. Die Speicherung in Logfiles hat somit lediglich die Sicherstellung von Funktionsf\u00e4higkeit und Optimierung der Webseite zum Ziel und soll dar\u00fcber hinaus der Sicherheit der informationstechnischen Systeme des Webseitenbetreibers dienen, wobei eine Speicherung dieser Daten zusammen mit anderen personenbezogenen Daten des Webseitenbesuchers oder eine Auswertung der Daten zu Marketingzwecken in diesem Zusammenhang nicht stattfindet. Rechtsgrundlage f\u00fcr die vor\u00fcbergehende Speicherung der Daten und der Logfiles ist Art. 6 Abs. 1 lit. f DSGVO.<\/p>\n<p>Personenbezogene Daten werden nur im Zuge der Registrierung f\u00fcr den Newsletter im sog. Double-Opt-In-Verfahren (nochmalige Best\u00e4tigung Ihrer Anmeldung durch Anklicken eines entsprechenden Links in der die Anmeldung best\u00e4tigenden Email) bzw. den Blog erhoben. Die bei der Anmeldung f\u00fcr die Inanspruchnahme des Newsletters oder Nutzung des Blogs angegebene Emailadresse wird nur f\u00fcr eigene Werbezwecke genutzt, bis eine Abmeldung vom Newsletterbezug oder Blog erfolgt ist. Die bei der Anmeldung verwendete IP-Adresse, der Zeitpunkt der Anmeldung und der Zeitpunkt der Best\u00e4tigung der Anmeldung werden auf der Grundlage von Art. 6 Abs. 1 S. 1 lit. f) DS-GVO gespeichert, um die Anmeldung nachweisen und gegebenenfalls einen m\u00f6glichen Missbrauch personenbezogener Daten aufkl\u00e4ren zu k\u00f6nnen. Im Falle der Best\u00e4tigung der Anmeldung zum Newsletter werden die hierbei verwendete Emailadresse sowie gegebenenfalls weitere freiwillige Angaben gem\u00e4\u00df Art. 6 Abs. 1 S. 1 lit. a) DS-GVO gespeichert, um den Newsletter zusenden zu k\u00f6nnen. Ein beim \u00d6ffnen des Newsletters m\u00f6glicherweise entstehendes Tracking, also die Verarbeitung von hierbei abgerufenen Daten, erfolgt auf der Grundlage von Art. 6 Abs. 1 S. 1 lit. f) DS-GVO und dient lediglich der Angebotsoptimierung. Es kann durch die standardm\u00e4\u00dfige Deaktivierung der Anzeige von Bildern verhindert werden, wobei in diesem Fall der Newsletter nicht vollst\u00e4ndig angezeigt wird und eventuell nicht alle Funktionen genutzt werden k\u00f6nnen. Der Bezug des Newsletters kann jederzeit unter Verwendung der eigenen Emailadresse oder unter Nutzung des in jedem Newsletter angebotene Abmeldelinks ausgetragen werden, ohne dass hierf\u00fcr andere als die \u00dcbermittlungskosten nach den Basistarifen entstehen. Entsprechendes gilt f\u00fcr die Abmeldung aus dem Blog.<\/p>\n<p>Die Erhebung und Verwendung personenbezogener Daten von Webseitenbesuchern erfolgt regelm\u00e4\u00dfig nur nach deren Einwilligung. Eine Ausnahme gilt in solchen F\u00e4llen, in denen die vorherige Einholung einer Einwilligung aus tats\u00e4chlichen Gr\u00fcnden nicht m\u00f6glich ist und die Verarbeitung der Daten durch gesetzliche Vorschriften gestattet ist.<\/p>\n<p>Die gesetzlich zul\u00e4ssige Nutzung von Daten zum Zweck der Werbung f\u00fcr Angebote und Services gem. 7 Abs. 3 UWG beh\u00e4lt sich der Webseitenbetreiber vor. Falls aber keine Werbung zu \u00e4hnlichen Produkten oder Dienstleistungen erw\u00fcnscht ist, so kann dem jederzeit unter Verwendung der eigenen Emailadresse widersprochen werden, ohne dass hierf\u00fcr andere als die \u00dcbermittlungskosten nach den Basistarifen entstehen.<\/p>\n<p>Bei einer Kontaktaufnahme per Email oder bei Nutzung des Kontaktformulars werden die mitgeteilten Daten wie Emailadresse, Name, Telefonnummer etc. auf der Grundlage von Art. 6 Abs. 1 S. 1 lit. a) DS-GVO gespeichert, um eine Beantwortung von Fragen zu erm\u00f6glichen. Eine L\u00f6schung der Daten erfolgt unmittelbar, wenn die Speicherung nicht mehr erforderlich ist, falls nicht gesetzliche Aufbewahrungspflichten bestehen, wobei die Datenverarbeitung in diesem Fall eingeschr\u00e4nkt wird.<\/p>\n<p>Personenbezogenen Daten werden durch SSL verschl\u00fcsselt und an die so durch technische Ma\u00dfnahmen gegen Besch\u00e4digung, Zerst\u00f6rung, unberechtigten Zugriff gesch\u00fctzte Webseite \u00fcbertragen.<\/p>\n<p>Die Speicherung pers\u00f6nlicher Daten auf dieser Webseite erfolgt auf Servern der<br \/>\n<em> dogado GmbH<\/em><br \/>\n<em> Saarlandstr. 25<\/em><br \/>\n<em>D-44139 Dortmund<\/em><br \/>\nin von ihr jeweilig genutzten Rechenzentren mit Standorten in Deutschland, also im Raum der EU.<\/p>\n<p>Zu Sicherungszwecken erfolgt die Speicherung pers\u00f6nlicher und gesundheitsbezogener Daten auf dieser Webseite zudem auch auf Servern der<br \/>\n<em> STRATO AG<\/em><br \/>\n<em> Pascalstr. 10<\/em><br \/>\n<em>D-10587 Berlin<\/em><br \/>\nin von ihr jeweilig genutzten Rechenzentren mit Standorten in Deutschland, also im Raum der EU.<\/p>\n<p>F\u00fcr den Support erfolgt die Speicherung pers\u00f6nlicher und gesundheitsbezogener Daten auf dieser Webseite auf Servern der<br \/>\n<em> HETZNER Online GmbH<\/em><br \/>\n<em> Industriestr. 25<\/em><br \/>\n<em>D-91710 Gunzenhausen<\/em><br \/>\nin von ihr jeweilig genutzten Rechenzentren mit Standorten in Deutschland, also im Raum der EU.<\/p>\n<p>Eine Weitergabe von personenbezogenen Daten an Dritte erfolgt generell nur dann, wenn dies datenschutzrechtlich gerechtfertigt ist und diese mit der Erf\u00fcllung von einzelnen Aufgaben und Dienstleistungen beauftragt sind, wodurch die Verwendung der Daten sich auf das zur Erf\u00fcllung des Auftrags notwendige Ma\u00df beschr\u00e4nkt und dar\u00fcber hinaus eine Bindung an die datenschutzrechtlichen Regelungen zugrunde gelegt wird, oder eine gesetzliche Verpflichtung zur Weitergabe von Daten nachweislich besteht.<\/p>\n<p>Externe Dienstleister, die im Auftrag des Webseitenbetreibers Daten verarbeiten, sind im Sinne des nationalen Datenschutzrechts und der europ\u00e4ischen Datenschutz-Grundverordnung (DS-GVO) vertraglich streng verpflichtet und z\u00e4hlen datenschutzrechtlich nicht zu Dritten.<\/p>\n<p>Rechtsgrundlage f\u00fcr die Verarbeitung personenbezogener Daten ist, soweit f\u00fcr Verarbeitungsvorg\u00e4nge personenbezogener Daten eine Einwilligung der betroffenen Person eingeholt werden muss, Art. 6 Abs. 1 lit. a EU-Datenschutzgrundverordnung (DSGVO).<br \/>\nEine Verarbeitung personenbezogener Daten, die zur Erf\u00fcllung eines Vertrages, dessen Vertragspartei die betroffene Person ist, erforderlich wird, erfolgt auf der Rechtsgrundlage von Art. 6 Abs. 1 lit. b DSGVO.<\/p>\n<p>F\u00fcr den Fall, dass lebenswichtige Interessen der betroffenen Person oder einer anderen nat\u00fcrlichen Person eine Verarbeitung personenbezogener Daten erforderlich machen, gilt Art. 6 Abs. 1 lit. d DSGVO als Rechtsgrundlage.<\/p>\n<p>Ist eine Verarbeitung zur Wahrung eines berechtigten Interesses des Webseitenbetreibers oder eines Dritten erforderlich und \u00fcberwiegen die jeweiligen Interessen sowie Grundrechte und Grundfreiheiten der betroffenen Person das erstgenannte Interesse nicht, so dient Art. 6 Abs. 1 lit. f DSGVO als Rechtsgrundlage f\u00fcr die Verarbeitung.<\/p>\n<p>Personenbezogene Daten der betroffenen Person werden gel\u00f6scht oder gesperrt, sobald der Zweck der Speicherung entf\u00e4llt. Eine Speicherung kann dar\u00fcber hinaus erfolgen, wenn dies durch den europ\u00e4ischen oder nationalen Gesetzgeber in unionsrechtlichen Verordnungen, Gesetzen oder sonstigen Vorschriften, denen der Verantwortliche des Webseitenbetreibers unterliegt, vorgesehen wurde. Eine Sperrung oder L\u00f6schung der Daten erfolgt auch dann, wenn eine durch die genannten Normen vorgeschriebene Speicherfrist abl\u00e4uft, es sei denn, dass eine Erforderlichkeit zur weiteren Speicherung der Daten f\u00fcr einen Vertragsschluss oder eine Vertragserf\u00fcllung besteht.<\/p>\n<p>Generell werden erhobene und gespeicherte Daten gel\u00f6scht, sobald sie f\u00fcr die Erreichung des Zweckes ihrer Erhebung nicht mehr erforderlich sind. Im Falle der Erfassung der Daten zur Bereitstellung der Website ist dies der Fall, wenn die jeweilige Sitzung beendet ist. Im Falle der Speicherung der Daten in Logfiles ist dies nach sp\u00e4testens sieben Tagen der Fall. Eine dar\u00fcber hinaus gehende Speicherung ist m\u00f6glich, in diesem Fall wird allerdings die IP-Adresse des Webseitenbesuchers gel\u00f6scht oder verfremdet, so dass eine Zuordnung des aufrufenden Clients nicht mehr m\u00f6glich ist.<\/p>\n<p>Da die Erfassung der Daten zur Bereitstellung dieser Webseite und die Speicherung der Daten in Logfiles f\u00fcr den Webseitenbetrieb zwingend erforderlich ist, besteht folglich seitens des Webseitenbesuchers keine Widerspruchsm\u00f6glichkeit.<\/p>\n<p>Eigent\u00fcmern personenbezogener, auf dieser Webseite gespeicherter Daten wird jederzeit ohne Angaben von Gr\u00fcnden kostenfrei Auskunft erteilt. Erhobene Daten k\u00f6nnen im Auftrag der berechtigten Personen jederzeit gesperrt, berichtigt oder gel\u00f6scht werden, ebenso besteht die M\u00f6glichkeit, Einwilligungen zur Datenerhebung und Verwendung ohne Angaben von Gr\u00fcnden \u00fcber das Kontaktformular der Webseite zu widerrufen.<\/p>\n<p>Verantwortlich im Sinne der Datenschutz-Grundverordnung (DS-GVO) und anderer nationaler Datenschutzgesetze der Mitgliedsstaaten sowie sonstiger datenschutzrechtlicher Bestimmungen ist der im Impressum genannte Betreiber dieser Webseite.<\/p>\n<p>Nach Art. 37 DS-GVO und \u00a7 38 BDSG besteht keine Pflicht zur Bestellung eines Datenschutzbeauftragten.<\/p>\n<p>Informationen zum erweiterten Datenschutz sind unter dem Men\u00fcpunkt Nutzungshinweise zur Verf\u00fcgung gestellt.<\/p>\n","protected":false},"excerpt":{"rendered":"<p>Die Erhebung, Verarbeitung und Nutzung personenbezogener Daten beim Besuch von Webseiten l\u00e4sst sich aus technischen Gr\u00fcnden teilweise nicht vermeiden. Deren Sicherheit entsprechend dem nationalen Datenschutzrecht und der europ\u00e4ischen Datenschutz-Grundverordnung (EU-DSGVO) liegt dem Webseitenbetreiber am Herzen. Allein der Besuch dieser Webseite erfordert nicht die Eingabe von Daten. Gespeichert werden lediglich anonymisierte Zugriffsdaten ohne Personenbezug wie Internetserviceprovider, &hellip; <\/p>\n<p class=\"link-more\"><a href=\"https:\/\/medizin-kosmetik-worms.de\/?page_id=41\" class=\"more-link\"><span class=\"screen-reader-text\">\u201eDatenschutz\u201c<\/span> weiterlesen<\/a><\/p>\n","protected":false},"author":1,"featured_media":0,"parent":38,"menu_order":0,"comment_status":"closed","ping_status":"closed","template":"","meta":{"footnotes":""},"class_list":["post-41","page","type-page","status-publish","hentry"],"_links":{"self":[{"href":"https:\/\/medizin-kosmetik-worms.de\/index.php?rest_route=\/wp\/v2\/pages\/41","targetHints":{"allow":["GET"]}}],"collection":[{"href":"https:\/\/medizin-kosmetik-worms.de\/index.php?rest_route=\/wp\/v2\/pages"}],"about":[{"href":"https:\/\/medizin-kosmetik-worms.de\/index.php?rest_route=\/wp\/v2\/types\/page"}],"author":[{"embeddable":true,"href":"https:\/\/medizin-kosmetik-worms.de\/index.php?rest_route=\/wp\/v2\/users\/1"}],"replies":[{"embeddable":true,"href":"https:\/\/medizin-kosmetik-worms.de\/index.php?rest_route=%2Fwp%2Fv2%2Fcomments&post=41"}],"version-history":[{"count":11,"href":"https:\/\/medizin-kosmetik-worms.de\/index.php?rest_route=\/wp\/v2\/pages\/41\/revisions"}],"predecessor-version":[{"id":948,"href":"https:\/\/medizin-kosmetik-worms.de\/index.php?rest_route=\/wp\/v2\/pages\/41\/revisions\/948"}],"up":[{"embeddable":true,"href":"https:\/\/medizin-kosmetik-worms.de\/index.php?rest_route=\/wp\/v2\/pages\/38"}],"wp:attachment":[{"href":"https:\/\/medizin-kosmetik-worms.de\/index.php?rest_route=%2Fwp%2Fv2%2Fmedia&parent=41"}],"curies":[{"name":"wp","href":"https:\/\/api.w.org\/{rel}","templated":true}]}}