{"id":402,"date":"2017-12-07T13:59:11","date_gmt":"2017-12-07T13:59:11","guid":{"rendered":"http:\/\/medizin-kosmetik-worms.de\/?page_id=402"},"modified":"2017-12-09T15:10:00","modified_gmt":"2017-12-09T15:10:00","slug":"kinesiologie","status":"publish","type":"page","link":"https:\/\/medizin-kosmetik-worms.de\/?page_id=402","title":{"rendered":"Kinesiologie"},"content":{"rendered":"<p>Die Kinesiologie ist eine wirkungsvolle Therapieform, die zu den Bio-Feedback-Methoden z\u00e4hlt. Mit Hilfe von reflektorischen Muskeltests werden individuelle Blockaden gefunden und aufgel\u00f6st. Das Besondere an der Kinesiologie ist, dass es keine festgelegten Abl\u00e4ufe gibt, sondern die K\u00f6rperintelligenz des Patienten den Weg des Ausgleichs selbstst\u00e4ndig und individuell bestimmt. Somit wird der Klient selbst auf einzigartige Weise in den Mittelpunkt gestellt. Beispielsweise k\u00f6nnen Herz und Kopf in uns unterschiedliche Ziele verfolgen. Unser K\u00f6rper kann nach Gesundheit verlangen, aber in einzelnen Bereichen seines Systems sind ein oder mehrere Stresspotentiale gespeichert. Der Mensch hat W\u00fcnsche, Ziele und\u00a0 Bed\u00fcrfnisse, f\u00fchlt sich aber zu schwach, dies umzusetzen. Solche Situationen k\u00f6nnen zu Lebenskrisen f\u00fchren. Genau an dieser Stelle kann die Kinesiologie helfen und den Klienten unterst\u00fctzen, sein F\u00fchlen, Denken und Handeln in Einklang zu bringen. Die Kinesiologie ist eine Methode, die Menschen in ihrem pers\u00f6nlichen Wachstum unterst\u00fctzt. Als Ergebnis erf\u00e4hrt der Klient im Laufe der Zeit gesteigerte Vitalit\u00e4t, zunehmende geistige Wachheit und eine erh\u00f6hte Eigenwahrnehmung.<\/p>\n","protected":false},"excerpt":{"rendered":"<p>Die Kinesiologie ist eine wirkungsvolle Therapieform, die zu den Bio-Feedback-Methoden z\u00e4hlt. Mit Hilfe von reflektorischen Muskeltests werden individuelle Blockaden gefunden und aufgel\u00f6st. Das Besondere an der Kinesiologie ist, dass es keine festgelegten Abl\u00e4ufe gibt, sondern die K\u00f6rperintelligenz des Patienten den Weg des Ausgleichs selbstst\u00e4ndig und individuell bestimmt. Somit wird der Klient selbst auf einzigartige Weise &hellip; <\/p>\n<p class=\"link-more\"><a href=\"https:\/\/medizin-kosmetik-worms.de\/?page_id=402\" class=\"more-link\"><span class=\"screen-reader-text\">\u201eKinesiologie\u201c<\/span> weiterlesen<\/a><\/p>\n","protected":false},"author":1,"featured_media":0,"parent":99,"menu_order":0,"comment_status":"closed","ping_status":"closed","template":"","meta":{"footnotes":""},"class_list":["post-402","page","type-page","status-publish","hentry"],"_links":{"self":[{"href":"https:\/\/medizin-kosmetik-worms.de\/index.php?rest_route=\/wp\/v2\/pages\/402","targetHints":{"allow":["GET"]}}],"collection":[{"href":"https:\/\/medizin-kosmetik-worms.de\/index.php?rest_route=\/wp\/v2\/pages"}],"about":[{"href":"https:\/\/medizin-kosmetik-worms.de\/index.php?rest_route=\/wp\/v2\/types\/page"}],"author":[{"embeddable":true,"href":"https:\/\/medizin-kosmetik-worms.de\/index.php?rest_route=\/wp\/v2\/users\/1"}],"replies":[{"embeddable":true,"href":"https:\/\/medizin-kosmetik-worms.de\/index.php?rest_route=%2Fwp%2Fv2%2Fcomments&post=402"}],"version-history":[{"count":4,"href":"https:\/\/medizin-kosmetik-worms.de\/index.php?rest_route=\/wp\/v2\/pages\/402\/revisions"}],"predecessor-version":[{"id":475,"href":"https:\/\/medizin-kosmetik-worms.de\/index.php?rest_route=\/wp\/v2\/pages\/402\/revisions\/475"}],"up":[{"embeddable":true,"href":"https:\/\/medizin-kosmetik-worms.de\/index.php?rest_route=\/wp\/v2\/pages\/99"}],"wp:attachment":[{"href":"https:\/\/medizin-kosmetik-worms.de\/index.php?rest_route=%2Fwp%2Fv2%2Fmedia&parent=402"}],"curies":[{"name":"wp","href":"https:\/\/api.w.org\/{rel}","templated":true}]}}