{"id":395,"date":"2017-12-07T13:57:44","date_gmt":"2017-12-07T13:57:44","guid":{"rendered":"http:\/\/medizin-kosmetik-worms.de\/?page_id=395"},"modified":"2017-12-09T14:54:34","modified_gmt":"2017-12-09T14:54:34","slug":"395-2","status":"publish","type":"page","link":"https:\/\/medizin-kosmetik-worms.de\/?page_id=395","title":{"rendered":"Dorntherapie"},"content":{"rendered":"<p>Die Wirbels\u00e4ulentherapie nach Dorn ist eine angewendete Methode zur Heilung von Erkrankungen, die direkt oder indirekt mit der Wirbels\u00e4ule zusammenh\u00e4ngen. Die sensible und ge\u00fcbte Hand Ihres Therapeuten f\u00fchlt die Fehlstellung der Wirbel und korrigiert sie. Hierzu ben\u00f6tigt er die Hilfe des Patienten, denn nur mit dessen Muskelkraft wird die Fehlstellung des Wirbels behoben. Es handelt sich um eine sanfte Therapieform. Der Bewegungsapparat, insbesondere die Wirbels\u00e4ule, stellt mit dem in ihr sitzenden Nervenbahnsystem das Verteilungsorgan f\u00fcr die im K\u00f6rper flie\u00dfende Energie dar. Von der Wirbels\u00e4ule aus werden alle Organe und Funktionen im K\u00f6rper gesteuert. Jeder Wirbel ist \u00fcber das Nervensystem mit ganz bestimmten Organen im K\u00f6rper verbunden. Eine voll funktionierende Wirbels\u00e4ule ist eine Grundvoraussetzung f\u00fcr das Erlangen und Erhalten guter Gesundheit. Diese unsere Wirbels\u00e4ule bringen wir somit symmetrisch und statisch-dynamisch ins Gleichgewicht. Die Dorn-Therapie kombinieren wir meistens mit anderen Therapieformen, da eine ineinandergreifende Heilungssynergie beste Resultate erzielt. Die traditionelle Dorntherapie haben wir beim Erfinder selbst erlernt.<\/p>\n","protected":false},"excerpt":{"rendered":"<p>Die Wirbels\u00e4ulentherapie nach Dorn ist eine angewendete Methode zur Heilung von Erkrankungen, die direkt oder indirekt mit der Wirbels\u00e4ule zusammenh\u00e4ngen. Die sensible und ge\u00fcbte Hand Ihres Therapeuten f\u00fchlt die Fehlstellung der Wirbel und korrigiert sie. Hierzu ben\u00f6tigt er die Hilfe des Patienten, denn nur mit dessen Muskelkraft wird die Fehlstellung des Wirbels behoben. Es handelt &hellip; <\/p>\n<p class=\"link-more\"><a href=\"https:\/\/medizin-kosmetik-worms.de\/?page_id=395\" class=\"more-link\"><span class=\"screen-reader-text\">\u201eDorntherapie\u201c<\/span> weiterlesen<\/a><\/p>\n","protected":false},"author":1,"featured_media":0,"parent":99,"menu_order":0,"comment_status":"closed","ping_status":"closed","template":"","meta":{"footnotes":""},"class_list":["post-395","page","type-page","status-publish","hentry"],"_links":{"self":[{"href":"https:\/\/medizin-kosmetik-worms.de\/index.php?rest_route=\/wp\/v2\/pages\/395","targetHints":{"allow":["GET"]}}],"collection":[{"href":"https:\/\/medizin-kosmetik-worms.de\/index.php?rest_route=\/wp\/v2\/pages"}],"about":[{"href":"https:\/\/medizin-kosmetik-worms.de\/index.php?rest_route=\/wp\/v2\/types\/page"}],"author":[{"embeddable":true,"href":"https:\/\/medizin-kosmetik-worms.de\/index.php?rest_route=\/wp\/v2\/users\/1"}],"replies":[{"embeddable":true,"href":"https:\/\/medizin-kosmetik-worms.de\/index.php?rest_route=%2Fwp%2Fv2%2Fcomments&post=395"}],"version-history":[{"count":5,"href":"https:\/\/medizin-kosmetik-worms.de\/index.php?rest_route=\/wp\/v2\/pages\/395\/revisions"}],"predecessor-version":[{"id":471,"href":"https:\/\/medizin-kosmetik-worms.de\/index.php?rest_route=\/wp\/v2\/pages\/395\/revisions\/471"}],"up":[{"embeddable":true,"href":"https:\/\/medizin-kosmetik-worms.de\/index.php?rest_route=\/wp\/v2\/pages\/99"}],"wp:attachment":[{"href":"https:\/\/medizin-kosmetik-worms.de\/index.php?rest_route=%2Fwp%2Fv2%2Fmedia&parent=395"}],"curies":[{"name":"wp","href":"https:\/\/api.w.org\/{rel}","templated":true}]}}