{"id":393,"date":"2017-12-07T13:57:26","date_gmt":"2017-12-07T13:57:26","guid":{"rendered":"http:\/\/medizin-kosmetik-worms.de\/?page_id=393"},"modified":"2017-12-07T14:59:54","modified_gmt":"2017-12-07T14:59:54","slug":"orthomolekulartherapie","status":"publish","type":"page","link":"https:\/\/medizin-kosmetik-worms.de\/?page_id=393","title":{"rendered":"Orthomolekulartherapie"},"content":{"rendered":"<p>Mit orthomolekularer Medizin werden Krankheiten mit ausgewogenen Zugaben von Vitalstoffen (Vitamine, Mineralstoffe, Spurenelemente, essentielle Fetts\u00e4uren, sekund\u00e4re Pflanzenstoffe etc.) therapiert, um diese zu lindern oder deren Entstehung vorzubeugen. In einem gesunden, ausgewogenen Organismus ist der Stoffwechsel ausgeglichen und die Vitalstoffdepots sind im Normbereich. Krankheiten, Medikamente und eine ungesunde Lebensf\u00fchrung k\u00f6nnen ein erhebliches Defizit an Mikron\u00e4hrstoffen bewirken. Eine Therapie ist durch die gezielte Substitution mit Vitalstoffen sowohl in der Pr\u00e4vention, als auch in der Behandlung von bereits bestehenden Krankheiten sinnvoll. Liegen famili\u00e4re Disposition oder Folgen von Stress, Medikamenten, \u00dcbergewicht u.a. vor, wird durch diese Therapieform die Vitalkapazit\u00e4t und somit die Selbstheilungskraft verbessert. Die Orthomolekulare Therapie wird in unserer Praxis durch Laboranalysen fundiert. Sie erh\u00e4lt nur durch diese ihre Legitimation. Vor allem bei Herz-Kreislauf-Erkrankungen, Immunstimulation, Infektanf\u00e4lligkeit, Allergien, entz\u00fcndlichen Darmerkrankungen und bei Ersch\u00f6pfungszust\u00e4nden hat diese Methode einen hohen Wirksamkeitsgrad.<\/p>\n","protected":false},"excerpt":{"rendered":"<p>Mit orthomolekularer Medizin werden Krankheiten mit ausgewogenen Zugaben von Vitalstoffen (Vitamine, Mineralstoffe, Spurenelemente, essentielle Fetts\u00e4uren, sekund\u00e4re Pflanzenstoffe etc.) therapiert, um diese zu lindern oder deren Entstehung vorzubeugen. In einem gesunden, ausgewogenen Organismus ist der Stoffwechsel ausgeglichen und die Vitalstoffdepots sind im Normbereich. Krankheiten, Medikamente und eine ungesunde Lebensf\u00fchrung k\u00f6nnen ein erhebliches Defizit an Mikron\u00e4hrstoffen bewirken. &hellip; <\/p>\n<p class=\"link-more\"><a href=\"https:\/\/medizin-kosmetik-worms.de\/?page_id=393\" class=\"more-link\"><span class=\"screen-reader-text\">\u201eOrthomolekulartherapie\u201c<\/span> weiterlesen<\/a><\/p>\n","protected":false},"author":1,"featured_media":0,"parent":99,"menu_order":0,"comment_status":"closed","ping_status":"closed","template":"","meta":{"footnotes":""},"class_list":["post-393","page","type-page","status-publish","hentry"],"_links":{"self":[{"href":"https:\/\/medizin-kosmetik-worms.de\/index.php?rest_route=\/wp\/v2\/pages\/393","targetHints":{"allow":["GET"]}}],"collection":[{"href":"https:\/\/medizin-kosmetik-worms.de\/index.php?rest_route=\/wp\/v2\/pages"}],"about":[{"href":"https:\/\/medizin-kosmetik-worms.de\/index.php?rest_route=\/wp\/v2\/types\/page"}],"author":[{"embeddable":true,"href":"https:\/\/medizin-kosmetik-worms.de\/index.php?rest_route=\/wp\/v2\/users\/1"}],"replies":[{"embeddable":true,"href":"https:\/\/medizin-kosmetik-worms.de\/index.php?rest_route=%2Fwp%2Fv2%2Fcomments&post=393"}],"version-history":[{"count":2,"href":"https:\/\/medizin-kosmetik-worms.de\/index.php?rest_route=\/wp\/v2\/pages\/393\/revisions"}],"predecessor-version":[{"id":411,"href":"https:\/\/medizin-kosmetik-worms.de\/index.php?rest_route=\/wp\/v2\/pages\/393\/revisions\/411"}],"up":[{"embeddable":true,"href":"https:\/\/medizin-kosmetik-worms.de\/index.php?rest_route=\/wp\/v2\/pages\/99"}],"wp:attachment":[{"href":"https:\/\/medizin-kosmetik-worms.de\/index.php?rest_route=%2Fwp%2Fv2%2Fmedia&parent=393"}],"curies":[{"name":"wp","href":"https:\/\/api.w.org\/{rel}","templated":true}]}}