{"id":389,"date":"2017-12-07T13:56:52","date_gmt":"2017-12-07T13:56:52","guid":{"rendered":"http:\/\/medizin-kosmetik-worms.de\/?page_id=389"},"modified":"2017-12-09T14:47:31","modified_gmt":"2017-12-09T14:47:31","slug":"komplementaermedizinische-behandlung-bei-chemo-und-strahlentherapie","status":"publish","type":"page","link":"https:\/\/medizin-kosmetik-worms.de\/?page_id=389","title":{"rendered":"Komplement\u00e4rmedizinische  Behandlung bei Chemo- und Strahlentherapie"},"content":{"rendered":"<p>Moderne Krebstherapie ist heute ohne einen ganzheitlichen Ansatz nicht mehr denkbar. Um die Lebensqualit\u00e4t bei Operationen, Chemo- und Strahlentherapie aufrecht zu erhalten, ist eine Kombination mit komplement\u00e4rmedizinischen Ma\u00dfnahmen f\u00fcr jeden Betroffenen w\u00fcnschenswert. Entscheidend f\u00fcr die Erhaltung der Lebensqualit\u00e4t ist die Aufrechterhaltung der Immunologischen Kompetenz. Unser Ziel ist es, diese Immunkompetenz aufrechtzuerhalten oder wieder herzustellen. Eine ganzheitlich begleitende Therapie ist kein Standardverfahren, sondern wird sehr individuell nach Immunprofil des Patienten erstellt. Dieses labordiagnostische Immunprofil in Kombination mit dem Elektro-Neural-Somatogramm und den Kautelen der Entstehung, ist die Grundlage f\u00fcr die Erstellung eines Gesamtkonzepts.<\/p>\n<p>Dieses Gesamtkonzept kann folgende Diagnose- und Therapieformen beinhalten:<\/p>\n<p><strong>ganzheitliche Diagnostik<\/strong><br \/>\nImmundiagnostik &#8211; Erstellung des Immunprofils<br \/>\nTumormarker Bestimmung<br \/>\nElektro-Neural-Diagnostik<br \/>\nVitamin- und Mineralstoffanalyse<br \/>\nEntz\u00fcndungsdiagnostik<br \/>\nDarmflorastatus<\/p>\n<p><strong>begleitende biologische Therapien<\/strong><br \/>\nEnzymtherapie<br \/>\nThymustherapie<br \/>\nMisteltherapie, Phytotherapie<br \/>\nVitamin Infusionen<br \/>\nSelentherapie<br \/>\nEigenbluttherapie<br \/>\nDarmsanierung<\/p>\n<p><strong>Ma\u00dfnahmen zur Erhaltung der Lebensqualit\u00e4t<\/strong><br \/>\npsycho-onkologische Betreuung<br \/>\nlabor-chemische Verlaufskontrollen<br \/>\nBeratung in Palliativ-Situationen<br \/>\nmedizinisch-kosmetische Ma\u00dfnahmen<br \/>\nWohlf\u00fchl- und Entspannungsbehandlungen<\/p>\n<p>Eine sinnvolle Kombination von Schulmedizin und naturheilkundlichen Diagnose- und Therapieverfahren, ist in der Lage, die optimalen Voraussetzungen f\u00fcr eine Salutogenese im Leben des Betroffenen zu manifestieren.<\/p>\n<p>Dies ist ein Fundament, um die Chance f\u00fcr einen guten Verlauf zu gew\u00e4hrleisten.<\/p>\n","protected":false},"excerpt":{"rendered":"<p>Moderne Krebstherapie ist heute ohne einen ganzheitlichen Ansatz nicht mehr denkbar. Um die Lebensqualit\u00e4t bei Operationen, Chemo- und Strahlentherapie aufrecht zu erhalten, ist eine Kombination mit komplement\u00e4rmedizinischen Ma\u00dfnahmen f\u00fcr jeden Betroffenen w\u00fcnschenswert. Entscheidend f\u00fcr die Erhaltung der Lebensqualit\u00e4t ist die Aufrechterhaltung der Immunologischen Kompetenz. Unser Ziel ist es, diese Immunkompetenz aufrechtzuerhalten oder wieder herzustellen. Eine &hellip; <\/p>\n<p class=\"link-more\"><a href=\"https:\/\/medizin-kosmetik-worms.de\/?page_id=389\" class=\"more-link\"><span class=\"screen-reader-text\">\u201eKomplement\u00e4rmedizinische  Behandlung bei Chemo- und Strahlentherapie\u201c<\/span> weiterlesen<\/a><\/p>\n","protected":false},"author":1,"featured_media":0,"parent":99,"menu_order":0,"comment_status":"closed","ping_status":"closed","template":"","meta":{"footnotes":""},"class_list":["post-389","page","type-page","status-publish","hentry"],"_links":{"self":[{"href":"https:\/\/medizin-kosmetik-worms.de\/index.php?rest_route=\/wp\/v2\/pages\/389","targetHints":{"allow":["GET"]}}],"collection":[{"href":"https:\/\/medizin-kosmetik-worms.de\/index.php?rest_route=\/wp\/v2\/pages"}],"about":[{"href":"https:\/\/medizin-kosmetik-worms.de\/index.php?rest_route=\/wp\/v2\/types\/page"}],"author":[{"embeddable":true,"href":"https:\/\/medizin-kosmetik-worms.de\/index.php?rest_route=\/wp\/v2\/users\/1"}],"replies":[{"embeddable":true,"href":"https:\/\/medizin-kosmetik-worms.de\/index.php?rest_route=%2Fwp%2Fv2%2Fcomments&post=389"}],"version-history":[{"count":7,"href":"https:\/\/medizin-kosmetik-worms.de\/index.php?rest_route=\/wp\/v2\/pages\/389\/revisions"}],"predecessor-version":[{"id":469,"href":"https:\/\/medizin-kosmetik-worms.de\/index.php?rest_route=\/wp\/v2\/pages\/389\/revisions\/469"}],"up":[{"embeddable":true,"href":"https:\/\/medizin-kosmetik-worms.de\/index.php?rest_route=\/wp\/v2\/pages\/99"}],"wp:attachment":[{"href":"https:\/\/medizin-kosmetik-worms.de\/index.php?rest_route=%2Fwp%2Fv2%2Fmedia&parent=389"}],"curies":[{"name":"wp","href":"https:\/\/api.w.org\/{rel}","templated":true}]}}