{"id":383,"date":"2017-12-07T13:55:38","date_gmt":"2017-12-07T13:55:38","guid":{"rendered":"http:\/\/medizin-kosmetik-worms.de\/?page_id=383"},"modified":"2017-12-09T14:17:02","modified_gmt":"2017-12-09T14:17:02","slug":"schmerzbehandlung-nach-liebscher-und-bracht","status":"publish","type":"page","link":"https:\/\/medizin-kosmetik-worms.de\/?page_id=383","title":{"rendered":"Schmerzbehandlung nach Liebscher und Bracht"},"content":{"rendered":"<p>Die Schmerzpunktpressur nach Liebscher &amp; Bracht in Kombination mit speziellen Dehnungen ist eine hervorragende Methode zur Behandlung akuter und chronischer Schmerzen. Die Hauptanwendungsbereiche in unserer Praxis sind Migr\u00e4ne, R\u00fcckenschmerzen, Schulter-, H\u00fcft- und Kniebeschwerden. Die schnelle Schmerzreduktion schon direkt nach der Behandlung ist eine Besonderheit dieser Therapieform.<\/p>\n","protected":false},"excerpt":{"rendered":"<p>Die Schmerzpunktpressur nach Liebscher &amp; Bracht in Kombination mit speziellen Dehnungen ist eine hervorragende Methode zur Behandlung akuter und chronischer Schmerzen. Die Hauptanwendungsbereiche in unserer Praxis sind Migr\u00e4ne, R\u00fcckenschmerzen, Schulter-, H\u00fcft- und Kniebeschwerden. Die schnelle Schmerzreduktion schon direkt nach der Behandlung ist eine Besonderheit dieser Therapieform.<\/p>\n","protected":false},"author":1,"featured_media":0,"parent":99,"menu_order":0,"comment_status":"closed","ping_status":"closed","template":"","meta":{"footnotes":""},"class_list":["post-383","page","type-page","status-publish","hentry"],"_links":{"self":[{"href":"https:\/\/medizin-kosmetik-worms.de\/index.php?rest_route=\/wp\/v2\/pages\/383","targetHints":{"allow":["GET"]}}],"collection":[{"href":"https:\/\/medizin-kosmetik-worms.de\/index.php?rest_route=\/wp\/v2\/pages"}],"about":[{"href":"https:\/\/medizin-kosmetik-worms.de\/index.php?rest_route=\/wp\/v2\/types\/page"}],"author":[{"embeddable":true,"href":"https:\/\/medizin-kosmetik-worms.de\/index.php?rest_route=\/wp\/v2\/users\/1"}],"replies":[{"embeddable":true,"href":"https:\/\/medizin-kosmetik-worms.de\/index.php?rest_route=%2Fwp%2Fv2%2Fcomments&post=383"}],"version-history":[{"count":4,"href":"https:\/\/medizin-kosmetik-worms.de\/index.php?rest_route=\/wp\/v2\/pages\/383\/revisions"}],"predecessor-version":[{"id":461,"href":"https:\/\/medizin-kosmetik-worms.de\/index.php?rest_route=\/wp\/v2\/pages\/383\/revisions\/461"}],"up":[{"embeddable":true,"href":"https:\/\/medizin-kosmetik-worms.de\/index.php?rest_route=\/wp\/v2\/pages\/99"}],"wp:attachment":[{"href":"https:\/\/medizin-kosmetik-worms.de\/index.php?rest_route=%2Fwp%2Fv2%2Fmedia&parent=383"}],"curies":[{"name":"wp","href":"https:\/\/api.w.org\/{rel}","templated":true}]}}