{"id":371,"date":"2017-12-07T13:53:22","date_gmt":"2017-12-07T13:53:22","guid":{"rendered":"http:\/\/medizin-kosmetik-worms.de\/?page_id=371"},"modified":"2017-12-09T13:46:12","modified_gmt":"2017-12-09T13:46:12","slug":"ganzheitsmedizinisches-konzept","status":"publish","type":"page","link":"https:\/\/medizin-kosmetik-worms.de\/?page_id=371","title":{"rendered":"Ganzheitsmedizinisches Konzept"},"content":{"rendered":"<p>Ganzheitliche Medizin bedeutet f\u00fcr uns, schulmedizinische Diagnostik mit ganzheitlichen und naturheilkundlichen Ans\u00e4tzen zu verbinden. Modernste wissenschaftliche Erkenntnisse belegen, dass auch die Psyche ma\u00dfgeblich mitverantwortlich f\u00fcr die Entstehung vieler Krankheiten ist und einen entscheidenden Einfluss auf die Genesung haben kann. Die St\u00e4rke alternativer Heilmethoden beruht darauf, dass immer der ganze Mensch mit all seinen seelischen und k\u00f6rperlichen Symptomen behandelt wird. Die Ursache der Gesundheitsst\u00f6rung zu finden, mit einem Gesamtkonzept zu therapieren und damit die enormen Selbstheilungskr\u00e4fte, \u00fcber die jeder Mensch verf\u00fcgt, freizusetzen, ist unser Ziel.<\/p>\n<p>Das Bewusstsein f\u00fcr eine gesunde Ern\u00e4hrung und ausgewogene k\u00f6rperliche Bewegung zu verbessern und so eine Gesundheitspr\u00e4vention zu leben, sind weitere wichtige Aspekte unseres Schaffens. Diese Methoden k\u00f6nnen bei allen Krankheiten angewandt werden, sofern der Organismus nicht zu sehr gesch\u00e4digt oder geschw\u00e4cht ist. Jeder Mensch ist ein einzigartiges Individuum, und ebenso individuell wie diese Pers\u00f6nlichkeit sollte auch die medizinische Behandlung sein. Darauf legen wir bei unserer Arbeit gro\u00dfen Wert. Auf dieser Basis wird Ihr individueller Therapieplan erstellt, wodurch die Grundvoraussetzungen f\u00fcr den bestm\u00f6glichsten Heilungsverlauf gew\u00e4hrleistet werden.<\/p>\n","protected":false},"excerpt":{"rendered":"<p>Ganzheitliche Medizin bedeutet f\u00fcr uns, schulmedizinische Diagnostik mit ganzheitlichen und naturheilkundlichen Ans\u00e4tzen zu verbinden. Modernste wissenschaftliche Erkenntnisse belegen, dass auch die Psyche ma\u00dfgeblich mitverantwortlich f\u00fcr die Entstehung vieler Krankheiten ist und einen entscheidenden Einfluss auf die Genesung haben kann. Die St\u00e4rke alternativer Heilmethoden beruht darauf, dass immer der ganze Mensch mit all seinen seelischen und &hellip; <\/p>\n<p class=\"link-more\"><a href=\"https:\/\/medizin-kosmetik-worms.de\/?page_id=371\" class=\"more-link\"><span class=\"screen-reader-text\">\u201eGanzheitsmedizinisches Konzept\u201c<\/span> weiterlesen<\/a><\/p>\n","protected":false},"author":1,"featured_media":0,"parent":99,"menu_order":0,"comment_status":"closed","ping_status":"closed","template":"","meta":{"footnotes":""},"class_list":["post-371","page","type-page","status-publish","hentry"],"_links":{"self":[{"href":"https:\/\/medizin-kosmetik-worms.de\/index.php?rest_route=\/wp\/v2\/pages\/371","targetHints":{"allow":["GET"]}}],"collection":[{"href":"https:\/\/medizin-kosmetik-worms.de\/index.php?rest_route=\/wp\/v2\/pages"}],"about":[{"href":"https:\/\/medizin-kosmetik-worms.de\/index.php?rest_route=\/wp\/v2\/types\/page"}],"author":[{"embeddable":true,"href":"https:\/\/medizin-kosmetik-worms.de\/index.php?rest_route=\/wp\/v2\/users\/1"}],"replies":[{"embeddable":true,"href":"https:\/\/medizin-kosmetik-worms.de\/index.php?rest_route=%2Fwp%2Fv2%2Fcomments&post=371"}],"version-history":[{"count":2,"href":"https:\/\/medizin-kosmetik-worms.de\/index.php?rest_route=\/wp\/v2\/pages\/371\/revisions"}],"predecessor-version":[{"id":423,"href":"https:\/\/medizin-kosmetik-worms.de\/index.php?rest_route=\/wp\/v2\/pages\/371\/revisions\/423"}],"up":[{"embeddable":true,"href":"https:\/\/medizin-kosmetik-worms.de\/index.php?rest_route=\/wp\/v2\/pages\/99"}],"wp:attachment":[{"href":"https:\/\/medizin-kosmetik-worms.de\/index.php?rest_route=%2Fwp%2Fv2%2Fmedia&parent=371"}],"curies":[{"name":"wp","href":"https:\/\/api.w.org\/{rel}","templated":true}]}}