{"id":35,"date":"2017-11-30T14:21:01","date_gmt":"2017-11-30T14:21:01","guid":{"rendered":"http:\/\/medizin-kosmetik-worms.de\/?page_id=35"},"modified":"2021-04-06T14:24:45","modified_gmt":"2021-04-06T14:24:45","slug":"impressum","status":"publish","type":"page","link":"https:\/\/medizin-kosmetik-worms.de\/?page_id=35","title":{"rendered":"Impressum"},"content":{"rendered":"<p>Praxis f\u00fcr Ganzheitliche Medizin &amp; Kosmetik<br \/>\nStefan Blaser<\/p>\n<p>Alzeyer Stra\u00dfe 39<br \/>\n67549 Worms<br \/>\nTelefon: 0049 6241 2000 663<br \/>\nTelefax: 0049 6241 2000 668<\/p>\n<p>Email: mail@medizin-kosmetik-worms.de<\/p>\n<h3>Rechtliche Kurzhinweise<\/h3>\n<p>Alles, was RECHT ist, ist detailliert im Dropdownmen\u00fc unter dem Men\u00fcpunkt Recht aufrufbar.<\/p>\n<p>\u00a7 1 Haftungsbeschr\u00e4nkung<\/p>\n<p>F\u00fcr die Inhalte dieser Website wird keine Gew\u00e4hr hinsichtlich Richtigkeit, Vollst\u00e4ndigkeit und Aktualit\u00e4t \u00fcbernommen. Die Nutzung der Website erfolgt auf eigene Gefahr. Namentlich gekennzeichnete Beitr\u00e4ge geben die Meinung des jeweiligen Autors, lassen aber keinerlei R\u00fcckschluss auf die Meinung der Verantwortlichen der Website zu. Mit der reinen Nutzung der Website des Anbieters kommt keinerlei Vertragsverh\u00e4ltnis zwischen dem Nutzer und dem Anbieter zustande.<\/p>\n<p>\u00a7 2 Externe Links<\/p>\n<p>Alle auf dieser Website angebotenen externen Links unterliegen der Haftung der jeweiligen Betreiber. Die Inhalte wurden Bei der erstmaligen Verkn\u00fcpfung auf etwaige Rechtsverst\u00f6\u00dfe gepr\u00fcft. Auf die aktuelle und zuk\u00fcnftige Gestaltung sowie auf die Inhalte der verkn\u00fcpften Seiten kann keine Haftung \u00fcbernommen werden, da eine st\u00e4ndige Kontrolle der externen Links ohne konkrete Hinweise auf Rechtsverst\u00f6\u00dfe nicht zumutbar ist. Bei Kenntnis von Rechtsverst\u00f6\u00dfen werden betroffene externe Links unverz\u00fcglich gel\u00f6scht.<\/p>\n<p>\u00a7 3 Urheber- und Leistungsschutzrechte<\/p>\n<p>Die auf dieser Website ver\u00f6ffentlichten Inhalte unterliegen dem deutschen Urheber- und Leistungsschutzrecht, wodurch jegliche Verwertung wie insbesondere Vervielf\u00e4ltigung, Bearbeitung, \u00dcbersetzung, Einspeicherung, Verarbeitung bzw. Wiedergabe von Inhalten in Datenbanken oder anderen elektronischen Medien und Systemen sowie auch die Darstellung dieser Website in fremden Frames der vorherigen schriftlichen Zustimmung des Urhebers bedarf. Inhalte und Rechte Dritter sind dabei als solche gekennzeichnet.<\/p>\n<p>\u00a7 4 Datenschutz &amp; Nutzungshinweise<\/p>\n<p>Der Schutz pers\u00f6nlicher Daten unterliegt den Regeln der Datenschutzgesetze. Personenbezogene Daten werden auf dieser Website nur im technisch notwendigen Umfang erhoben. In keinem Fall werden die erhobenen Daten verkauft oder aus anderen Gr\u00fcnden an Dritte weitergegeben. F\u00fcr detaillierte Informationen wird auf die Men\u00fcpunkte Datenschutz und Nutzungshinweise verwiesen, die im Dropdownmen\u00fc zu Recht liegen.<\/p>\n<hr \/>\n<p>Die Webseite nutzt ein Thema von WordPress.<\/p>\n","protected":false},"excerpt":{"rendered":"<p>Praxis f\u00fcr Ganzheitliche Medizin &amp; Kosmetik Stefan Blaser Alzeyer Stra\u00dfe 39 67549 Worms Telefon: 0049 6241 2000 663 Telefax: 0049 6241 2000 668 Email: mail@medizin-kosmetik-worms.de Rechtliche Kurzhinweise Alles, was RECHT ist, ist detailliert im Dropdownmen\u00fc unter dem Men\u00fcpunkt Recht aufrufbar. \u00a7 1 Haftungsbeschr\u00e4nkung F\u00fcr die Inhalte dieser Website wird keine Gew\u00e4hr hinsichtlich Richtigkeit, Vollst\u00e4ndigkeit und &hellip; <\/p>\n<p class=\"link-more\"><a href=\"https:\/\/medizin-kosmetik-worms.de\/?page_id=35\" class=\"more-link\"><span class=\"screen-reader-text\">\u201eImpressum\u201c<\/span> weiterlesen<\/a><\/p>\n","protected":false},"author":1,"featured_media":0,"parent":0,"menu_order":0,"comment_status":"closed","ping_status":"closed","template":"","meta":{"footnotes":""},"class_list":["post-35","page","type-page","status-publish","hentry"],"_links":{"self":[{"href":"https:\/\/medizin-kosmetik-worms.de\/index.php?rest_route=\/wp\/v2\/pages\/35","targetHints":{"allow":["GET"]}}],"collection":[{"href":"https:\/\/medizin-kosmetik-worms.de\/index.php?rest_route=\/wp\/v2\/pages"}],"about":[{"href":"https:\/\/medizin-kosmetik-worms.de\/index.php?rest_route=\/wp\/v2\/types\/page"}],"author":[{"embeddable":true,"href":"https:\/\/medizin-kosmetik-worms.de\/index.php?rest_route=\/wp\/v2\/users\/1"}],"replies":[{"embeddable":true,"href":"https:\/\/medizin-kosmetik-worms.de\/index.php?rest_route=%2Fwp%2Fv2%2Fcomments&post=35"}],"version-history":[{"count":10,"href":"https:\/\/medizin-kosmetik-worms.de\/index.php?rest_route=\/wp\/v2\/pages\/35\/revisions"}],"predecessor-version":[{"id":1065,"href":"https:\/\/medizin-kosmetik-worms.de\/index.php?rest_route=\/wp\/v2\/pages\/35\/revisions\/1065"}],"wp:attachment":[{"href":"https:\/\/medizin-kosmetik-worms.de\/index.php?rest_route=%2Fwp%2Fv2%2Fmedia&parent=35"}],"curies":[{"name":"wp","href":"https:\/\/api.w.org\/{rel}","templated":true}]}}