{"id":346,"date":"2017-12-06T13:37:02","date_gmt":"2017-12-06T13:37:02","guid":{"rendered":"http:\/\/medizin-kosmetik-worms.de\/?page_id=346"},"modified":"2017-12-09T15:25:59","modified_gmt":"2017-12-09T15:25:59","slug":"plasmapen","status":"publish","type":"page","link":"https:\/\/medizin-kosmetik-worms.de\/?page_id=346","title":{"rendered":"Plasmapen"},"content":{"rendered":"<p>Die Plasma-Pen-Therapie kann altersbedingt \u00fcbersch\u00fcssige Haut an Ober- und Unterlid, im Gesicht und am Hals straffen. Der Wonderlift-Plasma-Generator erzeugt eine sehr pr\u00e4zise epidermale thermische Mikroablation ohne Sch\u00e4digung der Haut. In der Kutis (mittlere Hautschicht) wird eine intrinsische Plasmabildung stimuliert und aktiviert. Hochenergetische Plasmapartikel aus ionisiertem Stickstoff und Sauerstoff induzieren eine beschleunigte Heilung, dermale Remodellierung und Hautstraffung.<\/p>\n<p>Die Vermehrungsrate der Bindegewebszellen und Hautzellen wird deutlich beschleunigt.<\/p>\n<p>Auch bei j\u00fcngeren Personen k\u00f6nnen Asymmetrien oder Schlupflider risikoarm korrigiert werden. Die Behandlung ist durch An\u00e4sthesie schmerzfrei.<\/p>\n<p>Ich setze den Wonderlift-Plasma-Generator gegen Stirnfalten quer und Zornesfalte, gro\u00dffl\u00e4chigen Plisseef\u00e4ltchen, Kr\u00e4henf\u00fc\u00dfe, Mundwinkelanhebung und Halsstraffung ein. Die wohl wichtigste Wirkung ist die Augenlidstraffung und die damit verbundene Schlupflidreduktion.<\/p>\n<p>Minimierung von Tr\u00e4nens\u00e4cken und dunklen Augenringen und die Entfernung von Fibromen, Muttermalen und Altersflecken sind m\u00f6glich.<\/p>\n","protected":false},"excerpt":{"rendered":"<p>Die Plasma-Pen-Therapie kann altersbedingt \u00fcbersch\u00fcssige Haut an Ober- und Unterlid, im Gesicht und am Hals straffen. Der Wonderlift-Plasma-Generator erzeugt eine sehr pr\u00e4zise epidermale thermische Mikroablation ohne Sch\u00e4digung der Haut. In der Kutis (mittlere Hautschicht) wird eine intrinsische Plasmabildung stimuliert und aktiviert. Hochenergetische Plasmapartikel aus ionisiertem Stickstoff und Sauerstoff induzieren eine beschleunigte Heilung, dermale Remodellierung und &hellip; <\/p>\n<p class=\"link-more\"><a href=\"https:\/\/medizin-kosmetik-worms.de\/?page_id=346\" class=\"more-link\"><span class=\"screen-reader-text\">\u201ePlasmapen\u201c<\/span> weiterlesen<\/a><\/p>\n","protected":false},"author":1,"featured_media":0,"parent":81,"menu_order":0,"comment_status":"closed","ping_status":"closed","template":"","meta":{"footnotes":""},"class_list":["post-346","page","type-page","status-publish","hentry"],"_links":{"self":[{"href":"https:\/\/medizin-kosmetik-worms.de\/index.php?rest_route=\/wp\/v2\/pages\/346","targetHints":{"allow":["GET"]}}],"collection":[{"href":"https:\/\/medizin-kosmetik-worms.de\/index.php?rest_route=\/wp\/v2\/pages"}],"about":[{"href":"https:\/\/medizin-kosmetik-worms.de\/index.php?rest_route=\/wp\/v2\/types\/page"}],"author":[{"embeddable":true,"href":"https:\/\/medizin-kosmetik-worms.de\/index.php?rest_route=\/wp\/v2\/users\/1"}],"replies":[{"embeddable":true,"href":"https:\/\/medizin-kosmetik-worms.de\/index.php?rest_route=%2Fwp%2Fv2%2Fcomments&post=346"}],"version-history":[{"count":5,"href":"https:\/\/medizin-kosmetik-worms.de\/index.php?rest_route=\/wp\/v2\/pages\/346\/revisions"}],"predecessor-version":[{"id":477,"href":"https:\/\/medizin-kosmetik-worms.de\/index.php?rest_route=\/wp\/v2\/pages\/346\/revisions\/477"}],"up":[{"embeddable":true,"href":"https:\/\/medizin-kosmetik-worms.de\/index.php?rest_route=\/wp\/v2\/pages\/81"}],"wp:attachment":[{"href":"https:\/\/medizin-kosmetik-worms.de\/index.php?rest_route=%2Fwp%2Fv2%2Fmedia&parent=346"}],"curies":[{"name":"wp","href":"https:\/\/api.w.org\/{rel}","templated":true}]}}