{"id":23,"date":"2017-11-30T13:59:46","date_gmt":"2017-11-30T13:59:46","guid":{"rendered":"http:\/\/medizin-kosmetik-worms.de\/?page_id=23"},"modified":"2023-05-24T12:28:12","modified_gmt":"2023-05-24T12:28:12","slug":"startseite","status":"publish","type":"page","link":"https:\/\/medizin-kosmetik-worms.de\/","title":{"rendered":"Startseite"},"content":{"rendered":"<p>HERZLICH WILLKOMMEN<\/p>\n<p>Sehr geehrte Patienten und Besucher unserer Webseite,<\/p>\n<p>in unserer Praxis finden Sie ein breites Angebot an Anwendungen und Verfahren f\u00fcr Ihre Gesundheit und Sch\u00f6nheit.<\/p>\n<p>Die Praxis ist ruhig &amp; doch zentral gelegen an der Alzeyer Stra\u00dfe 39 in Worms.<\/p>\n<p>Unsere hellen, gro\u00dfz\u00fcgig geschnittenen R\u00e4ume im zweiten Stock sind barrierefrei erreichbar.<\/p>\n<p>Die Praxis ist mit einer Reihe von neuen, vielseitig einsetzbaren Ger\u00e4ten f\u00fcr die medizinischen und kosmetischen Behandlungen ausgestattet.<\/p>\n<p>Ihr individuelles Therapiekonzept zu finden, liegt uns am Herzen. Daf\u00fcr nehmen wir uns Zeit.<\/p>\n<p>Wir freuen uns auf Ihre Anfrage.<\/p>\n<p>Stefan Blaser<br \/>\n&amp; Team<\/p>\n<p>Dienstag \u2013 Freitag<br \/>\n9:00 \u2013 17:00 h<\/p>\n<p>Vereinbaren Sie einen Termin<br \/>\nTelefon 0049 6241 2000663<\/p>\n<hr \/>\n","protected":false},"excerpt":{"rendered":"<p>HERZLICH WILLKOMMEN Sehr geehrte Patienten und Besucher unserer Webseite, in unserer Praxis finden Sie ein breites Angebot an Anwendungen und Verfahren f\u00fcr Ihre Gesundheit und Sch\u00f6nheit. Die Praxis ist ruhig &amp; doch zentral gelegen an der Alzeyer Stra\u00dfe 39 in Worms. Unsere hellen, gro\u00dfz\u00fcgig geschnittenen R\u00e4ume im zweiten Stock sind barrierefrei erreichbar. Die Praxis ist &hellip; <\/p>\n<p class=\"link-more\"><a href=\"https:\/\/medizin-kosmetik-worms.de\/\" class=\"more-link\"><span class=\"screen-reader-text\">\u201eStartseite\u201c<\/span> weiterlesen<\/a><\/p>\n","protected":false},"author":1,"featured_media":0,"parent":0,"menu_order":0,"comment_status":"closed","ping_status":"closed","template":"","meta":{"footnotes":""},"class_list":["post-23","page","type-page","status-publish","hentry"],"_links":{"self":[{"href":"https:\/\/medizin-kosmetik-worms.de\/index.php?rest_route=\/wp\/v2\/pages\/23","targetHints":{"allow":["GET"]}}],"collection":[{"href":"https:\/\/medizin-kosmetik-worms.de\/index.php?rest_route=\/wp\/v2\/pages"}],"about":[{"href":"https:\/\/medizin-kosmetik-worms.de\/index.php?rest_route=\/wp\/v2\/types\/page"}],"author":[{"embeddable":true,"href":"https:\/\/medizin-kosmetik-worms.de\/index.php?rest_route=\/wp\/v2\/users\/1"}],"replies":[{"embeddable":true,"href":"https:\/\/medizin-kosmetik-worms.de\/index.php?rest_route=%2Fwp%2Fv2%2Fcomments&post=23"}],"version-history":[{"count":29,"href":"https:\/\/medizin-kosmetik-worms.de\/index.php?rest_route=\/wp\/v2\/pages\/23\/revisions"}],"predecessor-version":[{"id":1176,"href":"https:\/\/medizin-kosmetik-worms.de\/index.php?rest_route=\/wp\/v2\/pages\/23\/revisions\/1176"}],"wp:attachment":[{"href":"https:\/\/medizin-kosmetik-worms.de\/index.php?rest_route=%2Fwp%2Fv2%2Fmedia&parent=23"}],"curies":[{"name":"wp","href":"https:\/\/api.w.org\/{rel}","templated":true}]}}